{"id":12,"date":"2019-01-11T23:26:38","date_gmt":"2019-01-11T22:26:38","guid":{"rendered":"http:\/\/woo.magiiic.com\/?page_id=3"},"modified":"2025-04-26T07:34:07","modified_gmt":"2025-04-26T11:34:07","slug":"politique-de-confidentialite","status":"publish","type":"page","link":"https:\/\/magiiic.com\/fr\/politique-de-confidentialite\/","title":{"rendered":"Politique de confidentialit\u00e9"},"content":{"rendered":"\n<h2 class=\"wp-block-heading\">Qui sommes-nous&nbsp;?<\/h2>\n\n\n\n<p>Magiiic est une appellation commerciale exploit\u00e9e par Olivier Axel Edouard van Helden, entrepreneur individuel immatricul\u00e9 au Registre National des Entreprises (RNE) sous le num\u00e9ro SIREN 797 573 094. Adresse du si\u00e8ge : 68 Nogent, 97115 Sainte-Rose, Guadeloupe (France). Activit\u00e9 principale : Programmation informatique (Code APE 6201Z).<\/p>\n\n\n\n<h2 class=\"wp-block-heading\">Utilisation des donn\u00e9es personnelles collect\u00e9es<\/h2>\n\n\n\n<h3 class=\"wp-block-heading\">Commentaires<\/h3>\n\n\n\n<p>Quand vous laissez un commentaire sur notre site web, les donn\u00e9es inscrites dans le formulaire de commentaire, mais aussi votre adresse IP et l\u2019agent utilisateur de votre navigateur sont collect\u00e9s pour nous aider \u00e0 la d\u00e9tection des commentaires ind\u00e9sirables.<\/p>\n\n\n\n<p>Une cha\u00eene anonymis\u00e9e cr\u00e9\u00e9e \u00e0 partir de votre adresse de messagerie (\u00e9galement appel\u00e9e hash) peut \u00eatre envoy\u00e9e au service Gravatar pour v\u00e9rifier si vous utilisez ce dernier. Les clauses de confidentialit\u00e9 du service Gravatar sont disponibles ici&nbsp;: https:\/\/automattic.com\/privacy\/. Apr\u00e8s validation de votre commentaire, votre photo de profil sera visible publiquement \u00e0 cot\u00e9 de votre commentaire.<\/p>\n\n\n\n<h3 class=\"wp-block-heading\">M\u00e9dias<\/h3>\n\n\n\n<p>Si vous \u00eates un utilisateur ou une utilisatrice enregistr\u00e9\u00b7e et que vous t\u00e9l\u00e9versez des images sur le site web, nous vous conseillons d\u2019\u00e9viter de t\u00e9l\u00e9verser des images contenant des donn\u00e9es EXIF de coordonn\u00e9es GPS. Les visiteurs de votre site web peuvent t\u00e9l\u00e9charger et extraire des donn\u00e9es de localisation depuis ces images.<\/p>\n\n\n\n<h3 class=\"wp-block-heading\">Formulaires de contact<\/h3>\n\n\n\n<p>Les donn\u00e9es fournies dans les formulaires de contact sont utilis\u00e9es exclusivement pour la r\u00e9ponse aux demandes formul\u00e9es. Elle ne sont pas transmises \u00e0 des tiers.<\/p>\n\n\n\n<h3 class=\"wp-block-heading\">Cookies<\/h3>\n\n\n\n<p>Si vous d\u00e9posez un commentaire sur notre site, il vous sera propos\u00e9 d\u2019enregistrer votre nom, adresse de messagerie et site web dans des cookies. C\u2019est uniquement pour votre confort afin de ne pas avoir \u00e0 saisir ces informations si vous d\u00e9posez un autre commentaire plus tard. Ces cookies expirent au bout d\u2019un an.<\/p>\n\n\n\n<p>Si vous avez un compte et que vous vous connectez sur ce site, un cookie temporaire sera cr\u00e9\u00e9 afin de d\u00e9terminer si votre navigateur accepte les cookies. Il ne contient pas de donn\u00e9es personnelles et sera supprim\u00e9 automatiquement \u00e0 la fermeture de votre navigateur.<\/p>\n\n\n\n<p>Lorsque vous vous connecterez, nous mettrons en place un certain nombre de cookies pour enregistrer vos informations de connexion et vos pr\u00e9f\u00e9rences d\u2019\u00e9cran. La dur\u00e9e de vie d\u2019un cookie de connexion est de deux jours, celle d\u2019un cookie d\u2019option d\u2019\u00e9cran est d\u2019un an. Si vous cochez \u00ab&nbsp;Se souvenir de moi&nbsp;\u00bb, votre cookie de connexion sera conserv\u00e9 pendant deux semaines. Si vous vous d\u00e9connectez de votre compte, le cookie de connexion sera effac\u00e9.<\/p>\n\n\n\n<p>En modifiant ou en publiant une publication, un cookie suppl\u00e9mentaire sera enregistr\u00e9 dans votre navigateur. Ce cookie ne comprend aucune donn\u00e9e personnelle. Il indique simplement l\u2019ID de la publication que vous venez de modifier. Il expire au bout d\u2019un jour.<\/p>\n\n\n\n<h3 class=\"wp-block-heading\">Contenu embarqu\u00e9 depuis d\u2019autres sites<\/h3>\n\n\n\n<p>Les articles de ce site peuvent inclure des contenus int\u00e9gr\u00e9s (par exemple des vid\u00e9os, images, articles\u2026). Le contenu int\u00e9gr\u00e9 depuis d\u2019autres sites se comporte de la m\u00eame mani\u00e8re que si le visiteur se rendait sur cet autre site.<\/p>\n\n\n\n<p>Ces sites web pourraient collecter des donn\u00e9es sur vous, utiliser des cookies, embarquer des outils de suivis tiers, suivre vos interactions avec ces contenus embarqu\u00e9s si vous disposez d\u2019un compte connect\u00e9 sur leur site web.<\/p>\n\n\n\n<h3 class=\"wp-block-heading\">Statistiques et mesures d\u2019audience<\/h3>\n\n\n\n<p>Nous ne collectons pas des tatistiques des visites.<\/p>\n\n\n\n<h2 class=\"wp-block-heading\">Utilisation et transmission de vos donn\u00e9es personnelles<\/h2>\n\n\n\n<p>Sauf indication contraire sur cette page pour des cas sp\u00e9cifiques, les donn\u00e9es collect\u00e9es sur ce site ne sont pas transmises \u00e0 des tiers.<\/p>\n\n\n\n<h2 class=\"wp-block-heading\">Dur\u00e9es de stockage de vos donn\u00e9es<\/h2>\n\n\n\n<p>Si vous laissez un commentaire, le commentaire et ses m\u00e9tadonn\u00e9es sont conserv\u00e9s ind\u00e9finiment. Cela permet de reconna\u00eetre et approuver automatiquement les commentaires suivants au lieu de les laisser dans la file de mod\u00e9ration.<\/p>\n\n\n\n<p>Pour les utilisateurs et utilisatrices qui s\u2019enregistrent sur notre site (si cela est possible), nous stockons \u00e9galement les donn\u00e9es personnelles indiqu\u00e9es dans leur profil. Tous les utilisateurs et utilisatrices peuvent voir, modifier ou supprimer leurs informations personnelles \u00e0 tout moment (\u00e0 l\u2019exception de leur nom d\u2019utilisateur\u00b7ice). Les gestionnaires du site peuvent aussi voir et modifier ces informations.<\/p>\n\n\n\n<h2 class=\"wp-block-heading\">Les droits que vous avez sur vos donn\u00e9es<\/h2>\n\n\n\n<p>Si vous avez un compte ou si vous avez laiss\u00e9 des commentaires sur le site, vous pouvez demander \u00e0 recevoir un fichier contenant toutes les donn\u00e9es personnelles que nous poss\u00e9dons \u00e0 votre sujet, incluant celles que vous nous avez fournies. Vous pouvez \u00e9galement demander la suppression des donn\u00e9es personnelles vous concernant. Cela ne prend pas en compte les donn\u00e9es stock\u00e9es \u00e0 des fins administratives, l\u00e9gales ou pour des raisons de s\u00e9curit\u00e9.<\/p>\n\n\n\n<h2 class=\"wp-block-heading\">Transmission de vos donn\u00e9es personnelles<\/h2>\n\n\n\n<p>Les commentaires des visiteurs peuvent \u00eatre v\u00e9rifi\u00e9s \u00e0 l\u2019aide d\u2019un service automatis\u00e9 de d\u00e9tection des commentaires ind\u00e9sirables.<\/p>\n\n\n\n<h2 class=\"wp-block-heading\">Informations de contact<\/h2>\n\n\n\n<p>Olivier van Helden <a href=\"mailto:support@magiiic.com\">support@magiiic.com<\/a><\/p>\n\n\n\n<h2 class=\"wp-block-heading\">Contenu multilingue<\/h2>\n\n\n\n<p>WPML utilise  des cookies pour identifier la langue actuelle du visiteur, la langue  derni\u00e8rement consult\u00e9e et la langue des utilisateurs qui se sont  connect\u00e9s. Aucune donn\u00e9e concernant  directement l&rsquo;utilisateur ne sera partag\u00e9e.<\/p>\n\n\n\n<h2 class=\"wp-block-heading\">Boutique<\/h2>\n\n\n\n<p>Nous collectons des informations lors de la validation de commande sur notre boutique.<\/p>\n\n\n\n<h3 class=\"wp-block-heading\">Ce que nous collectons et stockons<\/h3>\n\n\n\n<p>Pendant votre visite du site, nous suivons&nbsp;:<\/p>\n\n\n\n<ul class=\"wp-block-list\">\n<li>Produits que vous avez vu&nbsp;: nous les utilisons pour, par exemple, afficher des produits que vous avez r\u00e9cemment vu<\/li>\n\n\n\n<li>Localisation, adresse IP et type de navigateur&nbsp;: nous les utilisons pour l\u2018estimation des taxes et frais de livraison<\/li>\n\n\n\n<li>Adresse<br> de livraison&nbsp;: nous vous demanderons de la saisir pour estimer les <br>frais de livraison avant que vous passiez commande, et pour vous envoyer<br> la commande&nbsp;!<\/li>\n<\/ul>\n\n\n\n<p>Nous utilisons des cookies pour suivre les contenus du panier pendant que vous naviguez sur notre site.<\/p>\n\n\n\n<p>Quand\n vous achetez sur notre site web, nous vous demanderons de fournir des \ninformations incluant votre nom, adresse de facturation, adresse de \nlivraison, adresse de messagerie, num\u00e9ro de t\u00e9l\u00e9phone, donn\u00e9es de \npaiement \/ carte bancaire et \u00e9ventuellement les donn\u00e9es du compte tel \nque l\u2019identifiant et le mot de passe. Ces informations seront utilis\u00e9es \npour&nbsp;:<\/p>\n\n\n\n<ul class=\"wp-block-list\">\n<li>Envoi de l\u2019information \u00e0 propos de votre compte et commande<\/li>\n\n\n\n<li>R\u00e9pondre aux demandes, incluant les remboursements et plaintes<\/li>\n\n\n\n<li>Traitement des paiements et pr\u00e9vention de la fraude<\/li>\n\n\n\n<li>Configurez votre compte pour notre boutique<\/li>\n\n\n\n<li>Se conformer avec toute obligation l\u00e9gale, telle que le calcul des taxes<\/li>\n\n\n\n<li>Am\u00e9liorer les offres de notre boutique<\/li>\n\n\n\n<li>Vous envoyer des messages marketing, uniquement si vous choisissez d\u2019en recevoir<\/li>\n<\/ul>\n\n\n\n<p>Si\n vous cr\u00e9ez un compte, nous stockons votre nom, adresse, e-mail, et \nnum\u00e9ro de t\u00e9l\u00e9phone, qui sera utilis\u00e9 pour pr\u00e9remplir la validation de \ncommande pour les prochaines commandes.<\/p>\n\n\n\n<p>Nous stockons g\u00e9n\u00e9ralement  vos informations aussi longtemps que nous en avons besoin pour l\u2019usage  pour lequel nous les collectons et utilisons, et nous ne sommes pas  oblig\u00e9s l\u00e9galement de continuer \u00e0 les conserver. Par exemple, nous  stockons les informations de commande pour 10 ann\u00e9es pour les taxes et  la comptabilit\u00e9. Ceci inclut votre nom, adresse de messagerie et, le cas \u00e9ch\u00e9ant, adresses de facturation et livraison.<\/p>\n\n\n\n<p>Nous stockons aussi les commentaires ou avis, si vous choisissez d\u2019en envoyer.<\/p>\n\n\n\n<h3 class=\"wp-block-heading\">Qui de notre \u00e9quipe a acc\u00e8s aux donn\u00e9es<\/h3>\n\n\n\n<p>Les\n membres de notre \u00e9quipe ont acc\u00e8s aux informations que vous nous \nfournissez. Par exemple, les administrateurs et g\u00e9rants de boutique ont \nacc\u00e8s&nbsp;:<\/p>\n\n\n\n<ul class=\"wp-block-list\">\n<li>Information de commande tel que ce qui a \u00e9t\u00e9 achet\u00e9, quand et o\u00f9 cela doit \u00eatre envoy\u00e9, et<\/li>\n\n\n\n<li>Information client tel que votre nom, adresse de messagerie et informations de facturation et livraison.<\/li>\n<\/ul>\n\n\n\n<p>Notre \u00e9quipe a acc\u00e8s \u00e0 ces informations pour tra\u00eeter les commandes, effectuer les remboursements et vous aider.<\/p>\n\n\n\n<h3 class=\"wp-block-heading\">Paiements<\/h3>\n\n\n\n<p>Nous  acceptons les paiements par PayPal. Lors du traitement des paiements,  certains donn\u00e9es seront transmises \u00e0 PayPal, incluant les informations  obligatoires pour l\u2019ex\u00e9cution du paiement, telles que le montant total ou les  informations de facturation. Veuillez lire la <a href=\"https:\/\/www.paypal.com\/us\/webapps\/mpp\/ua\/privacy-full\" rel=\"nofollow noopener\" target=\"_blank\">politique de confidentialit\u00e9 de PayPal<\/a> pour plus de d\u00e9tails.<\/p>\n\n\n\n<p>En cas de paiement en ligne, les donn\u00e9es de la carte sont trait\u00e9es uniquement par le prestataire externe (Paypal) et ne sont en aucun cas conserv\u00e9es sur ce site.<\/p>\n","protected":false},"excerpt":{"rendered":"<p>Qui sommes-nous&nbsp;? Utilisation des donn\u00e9es personnelles collect\u00e9es Commentaires Quand vous laissez un commentaire sur notre site web, les donn\u00e9es inscrites dans le formulaire de commentaire, mais aussi votre adresse IP&#8230;<\/p>\n","protected":false},"author":2,"featured_media":0,"parent":0,"menu_order":0,"comment_status":"closed","ping_status":"open","template":"","meta":{"footnotes":""},"class_list":["post-12","page","type-page","status-publish"],"_links":{"self":[{"href":"https:\/\/magiiic.com\/fr\/wp-json\/wp\/v2\/pages\/12","targetHints":{"allow":["GET"]}}],"collection":[{"href":"https:\/\/magiiic.com\/fr\/wp-json\/wp\/v2\/pages"}],"about":[{"href":"https:\/\/magiiic.com\/fr\/wp-json\/wp\/v2\/types\/page"}],"author":[{"embeddable":true,"href":"https:\/\/magiiic.com\/fr\/wp-json\/wp\/v2\/users\/2"}],"replies":[{"embeddable":true,"href":"https:\/\/magiiic.com\/fr\/wp-json\/wp\/v2\/comments?post=12"}],"version-history":[{"count":10,"href":"https:\/\/magiiic.com\/fr\/wp-json\/wp\/v2\/pages\/12\/revisions"}],"predecessor-version":[{"id":9813,"href":"https:\/\/magiiic.com\/fr\/wp-json\/wp\/v2\/pages\/12\/revisions\/9813"}],"wp:attachment":[{"href":"https:\/\/magiiic.com\/fr\/wp-json\/wp\/v2\/media?parent=12"}],"curies":[{"name":"wp","href":"https:\/\/api.w.org\/{rel}","templated":true}]}}