{"id":6108,"date":"2022-02-14T13:25:11","date_gmt":"2022-02-14T17:25:11","guid":{"rendered":"https:\/\/magiiic.com\/boutique\/modalites-et-conditions\/"},"modified":"2025-04-26T07:26:51","modified_gmt":"2025-04-26T11:26:51","slug":"modalites-et-conditions","status":"publish","type":"page","link":"https:\/\/magiiic.com\/fr\/boutique\/modalites-et-conditions\/","title":{"rendered":"Modalit\u00e9s et conditions"},"content":{"rendered":"\n<h2 class=\"wp-block-heading\" id=\"overview\">Vue d&rsquo;ensemble<\/h2>\n\n\n\n<p>Ce site web est exploit\u00e9 par Magiiic. Dans l\u2019ensemble du site, les termes \u00ab\u00a0nous\u00a0\u00bb, \u00ab\u00a0notre\u00a0\u00bb et \u00ab\u00a0nos\u00a0\u00bb font r\u00e9f\u00e9rence \u00e0 Magiiic. Magiiic propose ce site web, y compris toutes les informations, tous les outils et tous les services disponibles sur ce site, \u00e0 vous, l\u2019utilisateur, sous r\u00e9serve de votre acceptation de tous les termes, conditions, politiques et avis \u00e9nonc\u00e9s ici.<\/p>\n\n\n\n<p>En visitant notre site et\/ou en achetant quelque chose chez nous, vous vous engagez dans notre \u00ab\u00a0Service\u00a0\u00bb et acceptez d\u2019\u00eatre li\u00e9 par les conditions g\u00e9n\u00e9rales suivantes (\u00ab\u00a0Conditions g\u00e9n\u00e9rales\u00a0\u00bb, \u00ab\u00a0Conditions\u00a0\u00bb), y compris les conditions et politiques suppl\u00e9mentaires mentionn\u00e9es dans le pr\u00e9sent document et\/ou accessibles par hyperlien. Ces conditions g\u00e9n\u00e9rales s\u2019appliquent \u00e0 tous les utilisateurs du site, y compris, sans limitation, les navigateurs, vendeurs, clients, commer\u00e7ants et\/ou contributeurs de contenu.<\/p>\n\n\n\n<p>Veuillez lire attentivement les pr\u00e9sentes conditions g\u00e9n\u00e9rales avant d\u2019acc\u00e9der \u00e0 notre site web ou de l\u2019utiliser. En acc\u00e9dant ou en utilisant toute partie du site, vous acceptez d\u2019\u00eatre li\u00e9 par ces conditions g\u00e9n\u00e9rales. Si vous n\u2019acceptez pas tous les termes et conditions de cet accord, vous ne pouvez pas acc\u00e9der au site web ni utiliser ses services. Si les pr\u00e9sentes conditions sont consid\u00e9r\u00e9es comme une offre, l\u2019acceptation est express\u00e9ment limit\u00e9e \u00e0 ces conditions g\u00e9n\u00e9rales.<\/p>\n\n\n\n<p>Toutes les nouvelles fonctionnalit\u00e9s ou outils ajout\u00e9s \u00e0 la boutique actuelle seront \u00e9galement soumis aux pr\u00e9sentes conditions g\u00e9n\u00e9rales. Vous pouvez consulter la version la plus r\u00e9cente des conditions g\u00e9n\u00e9rales \u00e0 tout moment sur cette page. Nous nous r\u00e9servons le droit de mettre \u00e0 jour, modifier ou remplacer toute partie de ces conditions en publiant des mises \u00e0 jour et\/ou des modifications sur notre site web. Il est de votre responsabilit\u00e9 de consulter cette page r\u00e9guli\u00e8rement. Votre utilisation continue du site apr\u00e8s la publication de modifications constitue votre acceptation de celles-ci.<\/p>\n\n\n\n<h2 class=\"wp-block-heading\" id=\"online-store-terms\">Conditions de la boutique en ligne<\/h2>\n\n\n\n<p>En acceptant ces conditions g\u00e9n\u00e9rales, vous d\u00e9clarez \u00eatre majeur dans votre \u00c9tat ou province de r\u00e9sidence, ou \u00eatre majeur et avoir donn\u00e9 votre consentement pour permettre \u00e0 vos personnes \u00e0 charge mineures d\u2019utiliser ce site.<\/p>\n\n\n\n<p>Vous ne pouvez pas utiliser nos produits \u00e0 des fins ill\u00e9gales ou non autoris\u00e9es, ni, dans le cadre de l\u2019utilisation du service, violer les lois de votre juridiction (y compris, mais sans s\u2019y limiter, les lois sur le droit d\u2019auteur).<\/p>\n\n\n\n<p>Vous ne devez pas transmettre de vers, de virus ou tout code de nature destructive.<\/p>\n\n\n\n<p>Toute violation des conditions entra\u00eenera la r\u00e9siliation imm\u00e9diate de vos services.<\/p>\n\n\n\n<h2 class=\"wp-block-heading\" id=\"general-conditions\">Conditions g\u00e9n\u00e9rales<\/h2>\n\n\n\n<p>Nous nous r\u00e9servons le droit de refuser le service \u00e0 quiconque pour quelque raison que ce soit et \u00e0 tout moment.<\/p>\n\n\n\n<p>Vous comprenez que votre contenu (\u00e0 l\u2019exclusion des informations relatives \u00e0 votre carte de cr\u00e9dit) peut \u00eatre transf\u00e9r\u00e9 sans chiffrement et impliquer (a) des transmissions sur divers r\u00e9seaux ; et (b) des modifications pour se conformer aux exigences techniques des r\u00e9seaux ou dispositifs de connexion. Les informations relatives aux cartes de cr\u00e9dit sont toujours crypt\u00e9es pendant le transfert sur les r\u00e9seaux.<\/p>\n\n\n\n<p>Vous vous engagez \u00e0 ne pas reproduire, dupliquer, copier, vendre, revendre ou exploiter toute partie du service, l\u2019utilisation du service, ou l\u2019acc\u00e8s au service ou \u00e0 tout contact sur le site web sans autorisation \u00e9crite expresse de notre part.<\/p>\n\n\n\n<p>Les titres utilis\u00e9s dans cet accord sont inclus pour des raisons de commodit\u00e9 uniquement et ne limiteront ni n\u2019affecteront ces conditions.<\/p>\n\n\n\n<h2 class=\"wp-block-heading\" id=\"accuracy-completeness-and-timeliness-of-information\">Exactitude, exhaustivit\u00e9 et actualit\u00e9 de l&rsquo;information<\/h2>\n\n\n\n<p>Nous ne sommes pas responsables si les informations disponibles sur ce site ne sont pas exactes, compl\u00e8tes ou actuelles. Le contenu de ce site est fourni \u00e0 titre d\u2019information g\u00e9n\u00e9rale uniquement et ne doit pas \u00eatre utilis\u00e9 comme seule base pour prendre des d\u00e9cisions sans consulter des sources d\u2019information plus pr\u00e9cises, compl\u00e8tes ou actualis\u00e9es. Toute utilisation du contenu de ce site se fait \u00e0 vos propres risques.<\/p>\n\n\n\n<p>Ce site peut contenir certaines informations historiques. Ces informations ne sont pas n\u00e9cessairement \u00e0 jour et sont fournies \u00e0 titre de r\u00e9f\u00e9rence uniquement. Nous nous r\u00e9servons le droit de modifier le contenu de ce site \u00e0 tout moment, sans obligation de mise \u00e0 jour. Vous acceptez qu\u2019il est de votre responsabilit\u00e9 de surveiller les modifications apport\u00e9es \u00e0 notre site.<\/p>\n\n\n\n<h2 class=\"wp-block-heading\" id=\"modifications-to-the-service-and-prices\">Modifications du service et des prix<\/h2>\n\n\n\n<p>Les prix de nos produits peuvent \u00eatre modifi\u00e9s sans pr\u00e9avis.<\/p>\n\n\n\n<p>Nous nous r\u00e9servons le droit, \u00e0 tout moment, de modifier ou d\u2019interrompre le service (ou toute partie de celui-ci) sans pr\u00e9avis.<\/p>\n\n\n\n<p>Nous ne serons pas responsables envers vous ou un tiers pour toute modification, changement de prix, suspension ou interruption du service.<\/p>\n\n\n\n<h2 class=\"wp-block-heading\" id=\"products-or-services\">Produits ou services<\/h2>\n\n\n\n<p>Certains produits ou services peuvent \u00eatre disponibles exclusivement en ligne via le site web. Ils peuvent \u00eatre propos\u00e9s en quantit\u00e9s limit\u00e9es et ne sont \u00e9changeables ou remboursables que selon notre politique de retour.<\/p>\n\n\n\n<p>Nous nous effor\u00e7ons de pr\u00e9senter aussi fid\u00e8lement que possible les couleurs et images de nos produits, mais nous ne pouvons garantir l&rsquo;exactitude des affichages de couleur sur votre \u00e9cran.<\/p>\n\n\n\n<p>Nous nous r\u00e9servons le droit de limiter les ventes de nos produits ou services \u00e0 toute personne, r\u00e9gion g\u00e9ographique ou juridiction, au cas par cas. Nous pouvons limiter les quantit\u00e9s de tout produit ou service. Toutes les descriptions de produits ou de prix sont susceptibles d\u2019\u00eatre modifi\u00e9es sans pr\u00e9avis. Nous nous r\u00e9servons le droit d\u2019arr\u00eater la vente d\u2019un produit \u00e0 tout moment.<\/p>\n\n\n\n<p>Nous ne garantissons pas que la qualit\u00e9 de tout produit, service, information ou autre mat\u00e9riel achet\u00e9 ou obtenu r\u00e9pondra \u00e0 vos attentes, ni que toute erreur dans le service sera corrig\u00e9e.<\/p>\n\n\n\n<h2 class=\"wp-block-heading\" id=\"accuracy-of-billing-and-account-information\">Exactitude des informations relatives \u00e0 la facturation et aux comptes<\/h2>\n\n\n\n<p>Nous nous r\u00e9servons le droit de refuser toute commande pass\u00e9e chez nous. Nous pouvons, \u00e0 notre discr\u00e9tion, limiter ou annuler les quantit\u00e9s achet\u00e9es par personne, par foyer ou par commande. Ces restrictions peuvent inclure les commandes pass\u00e9es par ou sous le m\u00eame compte client, la m\u00eame carte de cr\u00e9dit, et\/ou utilisant la m\u00eame adresse de facturation et\/ou de livraison.<\/p>\n\n\n\n<p>En cas de modification ou d\u2019annulation d\u2019une commande, nous pourrions tenter de vous en informer via l\u2019email et\/ou l\u2019adresse de facturation fournis lors de la commande.<\/p>\n\n\n\n<p>Vous vous engagez \u00e0 fournir des informations d\u2019achat et de compte actuelles, compl\u00e8tes et exactes. Vous acceptez de mettre rapidement \u00e0 jour vos informations, notamment votre adresse email et vos num\u00e9ros de carte de cr\u00e9dit, pour que nous puissions effectuer vos transactions et vous contacter si n\u00e9cessaire.<\/p>\n\n\n\n<p>Pour plus de d\u00e9tails, veuillez consulter notre politique de retour.<\/p>\n\n\n\n<h2 class=\"wp-block-heading\" id=\"optional-tools\">Outils facultatifs<\/h2>\n\n\n\n<p>Nous pouvons vous donner acc\u00e8s \u00e0 des outils tiers que nous ne surveillons pas.<\/p>\n\n\n\n<p>Vous reconnaissez et acceptez que nous fournissons l\u2019acc\u00e8s \u00e0 ces outils \u00ab\u00a0tels quels\u00a0\u00bb et \u00ab\u00a0selon disponibilit\u00e9\u00a0\u00bb, sans aucune garantie ou condition. Nous n&rsquo;aurons aucune responsabilit\u00e9 r\u00e9sultant de ou li\u00e9e \u00e0 votre utilisation de ces outils tiers.<\/p>\n\n\n\n<p>Toute utilisation de ces outils par vous se fait \u00e0 vos propres risques et discr\u00e9tion. Vous devez vous assurer que vous en connaissez et acceptez les conditions d&rsquo;utilisation.<\/p>\n\n\n\n<p>Nous pourrons \u00e9galement proposer de nouveaux services et\/ou fonctionnalit\u00e9s sur le site web (y compris de nouveaux outils et ressources) soumis \u00e9galement aux pr\u00e9sentes conditions g\u00e9n\u00e9rales.<\/p>\n\n\n\n<h2 class=\"wp-block-heading\" id=\"third-party-links\">Liens vers des sites tiers<\/h2>\n\n\n\n<p>Certains contenus, produits et services disponibles via notre service peuvent inclure du mat\u00e9riel provenant de tiers.<\/p>\n\n\n\n<p>Les liens de tiers sur ce site peuvent vous diriger vers des sites qui ne sont pas affili\u00e9s avec nous. Nous ne sommes pas responsables du contenu ou de l\u2019exactitude des sites tiers, ni de tout dommage li\u00e9 \u00e0 leur utilisation.<\/p>\n\n\n\n<p>Veuillez examiner attentivement les politiques et pratiques des tiers avant de vous engager dans toute transaction. Toute plainte ou question concernant des produits tiers doit \u00eatre adress\u00e9e \u00e0 ces tiers.<\/p>\n\n\n\n<h2 class=\"wp-block-heading\" id=\"user-comments-feedback-and-other-submissions\">Commentaires, r\u00e9actions et autres soumissions des utilisateurs<\/h2>\n\n\n\n<p>Si vous nous envoyez des id\u00e9es cr\u00e9atives, suggestions, propositions ou autres mat\u00e9riaux (collectivement, \u00ab\u00a0commentaires\u00a0\u00bb), vous acceptez que nous puissions, \u00e0 tout moment, sans restriction, \u00e9diter, copier, publier, distribuer, traduire et utiliser tout commentaire transmis.<\/p>\n\n\n\n<p>Nous n\u2019avons aucune obligation de (1) maintenir la confidentialit\u00e9 de vos commentaires ; (2) verser une compensation ; ou (3) r\u00e9pondre \u00e0 un commentaire.<\/p>\n\n\n\n<p>Nous pouvons, sans y \u00eatre oblig\u00e9s, surveiller, modifier ou supprimer tout contenu que nous jugeons ill\u00e9gal, offensant, mena\u00e7ant, diffamatoire, pornographique, obsc\u00e8ne ou r\u00e9pr\u00e9hensible, ou qui viole la propri\u00e9t\u00e9 intellectuelle de toute partie ou ces conditions g\u00e9n\u00e9rales.<\/p>\n\n\n\n<p>Vous acceptez que vos commentaires ne violent aucun droit d\u2019un tiers, qu\u2019ils ne contiennent pas de contenu diffamatoire ou ill\u00e9gal, ni de virus ou de logiciels malveillants susceptibles d\u2019affecter le fonctionnement du service ou d\u2019un site associ\u00e9. Vous ne pouvez pas utiliser de fausse adresse email ou vous faire passer pour quelqu\u2019un d\u2019autre.<\/p>\n\n\n\n<p>Vous \u00eates seul responsable de vos commentaires.<\/p>\n\n\n\n<h2 class=\"wp-block-heading\" id=\"personal-information\">Informations personnelles<\/h2>\n\n\n\n<p>Votre soumission d\u2019informations personnelles via le magasin est r\u00e9gie par notre politique de confidentialit\u00e9. Veuillez consulter notre politique de confidentialit\u00e9.<\/p>\n\n\n\n<h2 class=\"wp-block-heading\" id=\"errors-inaccuracies-and-omissions\">Erreurs, inexactitudes et omissions<\/h2>\n\n\n\n<p>Il peut arriver que certaines informations sur notre site ou dans le service contiennent des erreurs typographiques, des inexactitudes ou des omissions, portant notamment sur des descriptions de produits, des prix, des promotions, des offres, des frais d&rsquo;exp\u00e9dition, des d\u00e9lais de transit ou la disponibilit\u00e9. Nous nous r\u00e9servons le droit de corriger toute erreur, inexactitude ou omission, et de modifier ou mettre \u00e0 jour des informations ou d&rsquo;annuler des commandes si une information dans le service ou sur tout site web connexe est inexacte, \u00e0 tout moment et sans pr\u00e9avis (y compris apr\u00e8s que vous ayez soumis votre commande).<\/p>\n\n\n\n<p>Nous n&rsquo;avons aucune obligation de mettre \u00e0 jour, modifier ou clarifier les informations contenues dans le service ou sur tout site web connexe, y compris, mais sans s&rsquo;y limiter, les informations sur les prix, sauf si la loi l&rsquo;exige. Aucune date de mise \u00e0 jour ou d&rsquo;actualisation sp\u00e9cifi\u00e9e dans le service ou sur tout site web connexe ne doit \u00eatre interpr\u00e9t\u00e9e comme indiquant que toutes les informations du service ou de tout site web connexe ont \u00e9t\u00e9 modifi\u00e9es ou mises \u00e0 jour.<\/p>\n\n\n\n<h2 class=\"wp-block-heading\" id=\"prohibited-uses\">Utilisations interdites<\/h2>\n\n\n\n<p>En plus des autres interdictions \u00e9nonc\u00e9es dans les conditions g\u00e9n\u00e9rales, il vous est interdit d&rsquo;utiliser le site ou son contenu : (a) \u00e0 des fins ill\u00e9gales ; (b) pour solliciter d&rsquo;autres personnes \u00e0 accomplir ou participer \u00e0 des actes ill\u00e9gaux ; (c) pour violer toute r\u00e9glementation, r\u00e8gle, loi ou ordonnance internationale, f\u00e9d\u00e9rale, provinciale ou \u00e9tatique ; (d) pour enfreindre ou violer nos droits de propri\u00e9t\u00e9 intellectuelle ou ceux de tiers ; (e) pour harceler, abuser, insulter, blesser, diffamer, calomnier, d\u00e9nigrer, intimider ou discriminer en fonction du sexe, de l&rsquo;orientation sexuelle, de la religion, de l&rsquo;origine ethnique, de la race, de l&rsquo;\u00e2ge, de l&rsquo;origine nationale ou du handicap ; (f) pour soumettre des informations fausses ou trompeuses ; (g) pour t\u00e9l\u00e9charger ou transmettre des virus ou tout autre type de code malveillant susceptible d&rsquo;affecter la fonctionnalit\u00e9 ou le fonctionnement du service, d&rsquo;un site web connexe, d&rsquo;autres sites web ou d&rsquo;Internet ; (h) pour collecter ou suivre les informations personnelles d&rsquo;autrui ; (i) pour spammer, phisher, pharmer, pr\u00e9texter, crawler ou scraper ; (j) \u00e0 des fins obsc\u00e8nes ou immorales ; ou (k) pour interf\u00e9rer avec ou contourner les dispositifs de s\u00e9curit\u00e9 du service, d&rsquo;un site web connexe, d&rsquo;autres sites web ou d&rsquo;Internet. Nous nous r\u00e9servons le droit de mettre fin \u00e0 votre utilisation du service ou de tout site web connexe pour violation de l&rsquo;une des utilisations interdites.<\/p>\n\n\n\n<h2 class=\"wp-block-heading\" id=\"disclaimer-of-warranties-limitation-of-liability\">Exclusion des garanties ; limitation de la responsabilit\u00e9<\/h2>\n\n\n\n<p>Nous ne garantissons pas que votre utilisation de notre service sera ininterrompue, rapide, s\u00e9curis\u00e9e ou exempte d&rsquo;erreurs.<\/p>\n\n\n\n<p>Nous ne garantissons pas que les r\u00e9sultats pouvant \u00eatre obtenus par l&rsquo;utilisation du service seront exacts ou fiables.<\/p>\n\n\n\n<p>Vous acceptez qu&rsquo;occasionnellement nous puissions suspendre le service pour des p\u00e9riodes ind\u00e9termin\u00e9es ou annuler le service \u00e0 tout moment, sans pr\u00e9avis.<\/p>\n\n\n\n<p>Vous acceptez express\u00e9ment que votre utilisation ou incapacit\u00e9 d&rsquo;utiliser le service est \u00e0 vos seuls risques. Le service ainsi que tous les produits et services qui vous sont fournis par le biais du service sont (sauf mention expresse de notre part) fournis \u00ab\u00a0tels quels\u00a0\u00bb et \u00ab\u00a0tels que disponibles\u00a0\u00bb pour votre usage, sans aucune repr\u00e9sentation, garantie ou condition de quelque nature que ce soit, expresse ou implicite, y compris toutes garanties implicites de qualit\u00e9 marchande, d&rsquo;aptitude \u00e0 un usage particulier, de durabilit\u00e9, de titre ou d&rsquo;absence de contrefa\u00e7on.<\/p>\n\n\n\n<p>En aucun cas Magiiic, ses directeurs, responsables, employ\u00e9s, affili\u00e9s, agents, contractants, stagiaires, fournisseurs, prestataires de services ou conc\u00e9dants de licence ne seront tenus responsables de toute blessure, perte, r\u00e9clamation, ou de tout dommage direct, indirect, accessoire, punitif, sp\u00e9cial ou cons\u00e9cutif de quelque nature que ce soit, y compris, sans s&rsquo;y limiter, la perte de profits, de revenus, d&rsquo;\u00e9conomies, de donn\u00e9es, les co\u00fbts de remplacement ou tout autre dommage similaire, que ce soit fond\u00e9 sur un contrat, un d\u00e9lit (y compris la n\u00e9gligence), une responsabilit\u00e9 stricte ou autre, d\u00e9coulant de votre utilisation du service ou de tout produit obtenu par le biais du service, ou de toute autre r\u00e9clamation li\u00e9e de quelque mani\u00e8re \u00e0 votre utilisation du service ou de tout produit, y compris, mais sans s&rsquo;y limiter, toute erreur ou omission dans tout contenu, ou toute perte ou tout dommage r\u00e9sultant de l&rsquo;utilisation du service ou de tout contenu (ou produit) publi\u00e9, transmis ou autrement rendu disponible via le service, m\u00eame si vous avez \u00e9t\u00e9 averti de leur possibilit\u00e9. Parce que certains \u00c9tats ou juridictions n&rsquo;autorisent pas l&rsquo;exclusion ou la limitation de responsabilit\u00e9 pour les dommages indirects ou accessoires, notre responsabilit\u00e9 sera limit\u00e9e dans la mesure maximale permise par la loi applicable.<\/p>\n\n\n\n<h2 class=\"wp-block-heading\" id=\"indemnification\">Indemnisation<\/h2>\n\n\n\n<p>Vous acceptez d&rsquo;indemniser, de d\u00e9fendre et de d\u00e9gager de toute responsabilit\u00e9 Magiiic ainsi que ses soci\u00e9t\u00e9s m\u00e8res, filiales, affili\u00e9s, partenaires, dirigeants, directeurs, agents, contractants, conc\u00e9dants, prestataires de services, sous-traitants, fournisseurs, stagiaires et employ\u00e9s, en cas de r\u00e9clamation ou de demande, y compris des honoraires raisonnables d&rsquo;avocat, \u00e9manant de tout tiers, en raison de votre violation des pr\u00e9sentes conditions g\u00e9n\u00e9rales ou des documents qu&rsquo;elles incorporent par r\u00e9f\u00e9rence, ou de votre violation de toute loi ou des droits d&rsquo;un tiers.<\/p>\n\n\n\n<h2 class=\"wp-block-heading\" id=\"severability\">Divisibilit\u00e9<\/h2>\n\n\n\n<p>Dans le cas o\u00f9 une disposition des pr\u00e9sentes conditions g\u00e9n\u00e9rales serait jug\u00e9e ill\u00e9gale, nulle ou inapplicable, cette disposition sera n\u00e9anmoins applicable dans toute la mesure permise par la loi, et la partie inapplicable sera r\u00e9put\u00e9e dissoci\u00e9e des pr\u00e9sentes conditions g\u00e9n\u00e9rales, sans affecter la validit\u00e9 et l&rsquo;applicabilit\u00e9 des autres dispositions.<\/p>\n\n\n\n<h2 class=\"wp-block-heading\" id=\"termination\">R\u00e9siliation<\/h2>\n\n\n\n<p>Les obligations et responsabilit\u00e9s des parties engag\u00e9es avant la date de r\u00e9siliation survivront \u00e0 la r\u00e9siliation de cet accord, \u00e0 toutes fins utiles.<\/p>\n\n\n\n<p>Les pr\u00e9sentes conditions g\u00e9n\u00e9rales sont effectives sauf et jusqu&rsquo;\u00e0 ce qu&rsquo;elles soient r\u00e9sili\u00e9es par vous ou par nous. Vous pouvez r\u00e9silier les pr\u00e9sentes conditions g\u00e9n\u00e9rales \u00e0 tout moment en nous informant que vous ne souhaitez plus utiliser nos services, ou lorsque vous cessez d&rsquo;utiliser notre site.<\/p>\n\n\n\n<p>Si, \u00e0 notre seul jugement, vous \u00e9chouez ou nous soup\u00e7onnons que vous avez \u00e9chou\u00e9 \u00e0 respecter une quelconque disposition des pr\u00e9sentes conditions g\u00e9n\u00e9rales, nous pouvons \u00e9galement r\u00e9silier cet accord \u00e0 tout moment sans pr\u00e9avis, et vous resterez responsable de tous les montants dus jusqu&rsquo;\u00e0 la date de r\u00e9siliation incluse ; et\/ou nous pouvons vous refuser l&rsquo;acc\u00e8s \u00e0 nos services (ou \u00e0 toute partie de ceux-ci).<\/p>\n\n\n\n<h2 class=\"wp-block-heading\" id=\"entire-agreement\">Accord int\u00e9gral<\/h2>\n\n\n\n<p>Le fait que nous n&rsquo;exercions pas ou ne fassions pas respecter un droit ou une disposition des pr\u00e9sentes conditions g\u00e9n\u00e9rales ne constitue pas une renonciation \u00e0 ce droit ou \u00e0 cette disposition.<\/p>\n\n\n\n<p>Les pr\u00e9sentes conditions g\u00e9n\u00e9rales, ainsi que toutes politiques ou r\u00e8gles de fonctionnement publi\u00e9es par nous sur ce site ou en rapport avec le service, constituent l&rsquo;int\u00e9gralit\u00e9 de l&rsquo;accord entre vous et nous et r\u00e9gissent votre utilisation du service, rempla\u00e7ant toute communication, proposition ou accord ant\u00e9rieur ou contemporain, qu&rsquo;il soit oral ou \u00e9crit, entre vous et nous (y compris, sans s&rsquo;y limiter, toute version ant\u00e9rieure des conditions g\u00e9n\u00e9rales).<\/p>\n\n\n\n<p>Toute ambigu\u00eft\u00e9 dans l&rsquo;interpr\u00e9tation des pr\u00e9sentes conditions g\u00e9n\u00e9rales ne sera pas interpr\u00e9t\u00e9e au d\u00e9triment de la partie r\u00e9dactrice.<\/p>\n\n\n\n<h2 class=\"wp-block-heading\" id=\"governing-law\">Loi applicable<\/h2>\n\n\n\n<p>Les pr\u00e9sentes conditions g\u00e9n\u00e9rales ainsi que tout accord distinct par lequel nous vous fournissons des services seront r\u00e9gis et interpr\u00e9t\u00e9s conform\u00e9ment aux lois fran\u00e7aises.<\/p>\n\n\n\n<h2 class=\"wp-block-heading\" id=\"changes-to-terms-and-conditions\">Modifications des conditions g\u00e9n\u00e9rales<\/h2>\n\n\n\n<p>Vous pouvez consulter la version la plus r\u00e9cente des conditions g\u00e9n\u00e9rales \u00e0 tout moment sur cette page.<\/p>\n\n\n\n<p>Nous nous r\u00e9servons le droit, \u00e0 notre seule discr\u00e9tion, de mettre \u00e0 jour, modifier ou remplacer toute partie des pr\u00e9sentes conditions g\u00e9n\u00e9rales en publiant des mises \u00e0 jour et des modifications sur notre site web. Il vous incombe de consulter r\u00e9guli\u00e8rement notre site pour v\u00e9rifier les changements. Votre utilisation continue ou votre acc\u00e8s \u00e0 notre site web ou au service apr\u00e8s la publication de toute modification des pr\u00e9sentes conditions g\u00e9n\u00e9rales constitue votre acceptation de ces modifications.<\/p>\n\n\n\n<h2 class=\"wp-block-heading\" id=\"contact-information\">Informations de contact<\/h2>\n\n\n\n<p>Magiiic est une appellation commerciale exploit\u00e9e par Olivier Axel Edouard van Helden, entrepreneur individuel immatricul\u00e9 au Registre National des Entreprises (RNE) sous le num\u00e9ro SIREN 797 573 094. Adresse du si\u00e8ge : 68 Nogent, 97115 Sainte-Rose, Guadeloupe (France). Activit\u00e9 principale : Programmation informatique (Code APE 6201Z).<\/p>\n\n\n\n<p>Toutes questions relatives aux conditions g\u00e9n\u00e9rales peuvent nous \u00eatre envoy\u00e9es via la <a href=\"https:\/\/magiiic.com\/fr\/contact\/\" data-type=\"page\" data-id=\"1885\">page de contact<\/a>.<\/p>\n","protected":false},"excerpt":{"rendered":"<p>Vue d&rsquo;ensemble Ce site web est exploit\u00e9 par Magiiic. Dans l\u2019ensemble du site, les termes \u00ab\u00a0nous\u00a0\u00bb, \u00ab\u00a0notre\u00a0\u00bb et \u00ab\u00a0nos\u00a0\u00bb font r\u00e9f\u00e9rence \u00e0 Magiiic. Magiiic propose ce site web, y compris&#8230;<\/p>\n","protected":false},"author":2,"featured_media":0,"parent":22,"menu_order":0,"comment_status":"closed","ping_status":"closed","template":"","meta":{"footnotes":""},"class_list":["post-6108","page","type-page","status-publish"],"_links":{"self":[{"href":"https:\/\/magiiic.com\/fr\/wp-json\/wp\/v2\/pages\/6108","targetHints":{"allow":["GET"]}}],"collection":[{"href":"https:\/\/magiiic.com\/fr\/wp-json\/wp\/v2\/pages"}],"about":[{"href":"https:\/\/magiiic.com\/fr\/wp-json\/wp\/v2\/types\/page"}],"author":[{"embeddable":true,"href":"https:\/\/magiiic.com\/fr\/wp-json\/wp\/v2\/users\/2"}],"replies":[{"embeddable":true,"href":"https:\/\/magiiic.com\/fr\/wp-json\/wp\/v2\/comments?post=6108"}],"version-history":[{"count":7,"href":"https:\/\/magiiic.com\/fr\/wp-json\/wp\/v2\/pages\/6108\/revisions"}],"predecessor-version":[{"id":9818,"href":"https:\/\/magiiic.com\/fr\/wp-json\/wp\/v2\/pages\/6108\/revisions\/9818"}],"up":[{"embeddable":true,"href":"https:\/\/magiiic.com\/fr\/wp-json\/wp\/v2\/pages\/22"}],"wp:attachment":[{"href":"https:\/\/magiiic.com\/fr\/wp-json\/wp\/v2\/media?parent=6108"}],"curies":[{"name":"wp","href":"https:\/\/api.w.org\/{rel}","templated":true}]}}