{"id":6741,"date":"2022-07-13T12:17:21","date_gmt":"2022-07-13T16:17:21","guid":{"rendered":"https:\/\/magiiic.com\/non%20class\u00e9\/projet-de-soutien-paiement-recurrent\/"},"modified":"2022-07-19T18:35:09","modified_gmt":"2022-07-19T22:35:09","slug":"projet","status":"publish","type":"product","link":"https:\/\/magiiic.com\/fr\/donation\/projet\/","title":{"rendered":"Soutenir un projet"},"content":{"rendered":"","protected":false},"excerpt":{"rendered":"<p>Merci de nous aider \u00e0 consacrer du temps et des ressources pour continuer \u00e0 d\u00e9velopper nos projets. Tout est bon \u00e0 prendre.<\/p>\n<p>Vous pouvez nous aider en faisant un don unique (\u00ab\u00a0une fois\u00a0\u00bb) ou un paiement r\u00e9current (\u00ab\u00a0mensuel\u00a0\u00bb ou \u00ab\u00a0annuel\u00a0\u00bb). Vous pouvez annuler les paiements r\u00e9currents \u00e0 tout moment.<\/p>\n","protected":false},"featured_media":6793,"template":"","meta":[],"product_brand":[],"product_cat":[373],"product_tag":[],"class_list":{"0":"post-6741","1":"product","2":"type-product","3":"status-publish","4":"has-post-thumbnail","6":"product_cat-donation","8":"first","9":"instock","10":"sold-individually","11":"shipping-taxable","12":"purchasable","13":"product-type-variable-subscription","14":"has-default-attributes"},"_links":{"self":[{"href":"https:\/\/magiiic.com\/fr\/wp-json\/wp\/v2\/product\/6741","targetHints":{"allow":["GET"]}}],"collection":[{"href":"https:\/\/magiiic.com\/fr\/wp-json\/wp\/v2\/product"}],"about":[{"href":"https:\/\/magiiic.com\/fr\/wp-json\/wp\/v2\/types\/product"}],"wp:featuredmedia":[{"embeddable":true,"href":"https:\/\/magiiic.com\/fr\/wp-json\/wp\/v2\/media\/6793"}],"wp:attachment":[{"href":"https:\/\/magiiic.com\/fr\/wp-json\/wp\/v2\/media?parent=6741"}],"wp:term":[{"taxonomy":"product_brand","embeddable":true,"href":"https:\/\/magiiic.com\/fr\/wp-json\/wp\/v2\/product_brand?post=6741"},{"taxonomy":"product_cat","embeddable":true,"href":"https:\/\/magiiic.com\/fr\/wp-json\/wp\/v2\/product_cat?post=6741"},{"taxonomy":"product_tag","embeddable":true,"href":"https:\/\/magiiic.com\/fr\/wp-json\/wp\/v2\/product_tag?post=6741"}],"curies":[{"name":"wp","href":"https:\/\/api.w.org\/{rel}","templated":true}]}}